{"id":437,"date":"2025-05-16T08:40:16","date_gmt":"2025-05-16T06:40:16","guid":{"rendered":"https:\/\/coeurdesoignante.fr\/?post_type=product&#038;p=437"},"modified":"2025-05-16T08:40:16","modified_gmt":"2025-05-16T06:40:16","slug":"recette-confiance-energie","status":"publish","type":"product","link":"https:\/\/coeurdesoignante.fr\/index.php\/produit\/recette-confiance-energie\/","title":{"rendered":"Recette confiance &#038; energie"},"content":{"rendered":"<blockquote><p>Une recette \u00e0 base d&rsquo;huiles essentielles \u00e0 appliquer simplement chez soi, qui va vous sonner de l&rsquo;Energie d\u00e8s le matin,<\/p><\/blockquote>\n<ol>\n<li>Commandez<\/li>\n<li>Recevez la recette<\/li>\n<li>R\u00e9unissez les ingr\u00e9dients<\/li>\n<li>Fabriquer votre propre roll on (ou un petit flacon ambr\u00e9 en verre)<\/li>\n<li>Je reste dispo pour toute question<\/li>\n<\/ol>\n","protected":false},"excerpt":{"rendered":"<p>Une recette \u00e0 base d&rsquo;huiles essentielles \u00e0 appliquer simplement chez soi, qui va vous sonner de l&rsquo;Energie d\u00e8s le matin, Commandez Recevez la recette R\u00e9unissez les ingr\u00e9dients Fabriquer votre propre roll on (ou un petit flacon ambr\u00e9 en verre) Je reste dispo pour toute question<\/p>\n","protected":false},"featured_media":439,"comment_status":"open","ping_status":"closed","template":"","meta":{"_et_pb_use_builder":"","_et_pb_old_content":"","_et_gb_content_width":""},"product_brand":[],"product_cat":[23],"product_tag":[],"class_list":{"0":"post-437","1":"product","2":"type-product","3":"status-publish","4":"has-post-thumbnail","6":"product_cat-non-classe","8":"first","9":"instock","10":"downloadable","11":"virtual","12":"purchasable","13":"product-type-simple"},"yoast_head":"<!-- This site is optimized with the Yoast SEO plugin v27.2 - https:\/\/yoast.com\/product\/yoast-seo-wordpress\/ -->\n<title>Recette confiance &amp; energie - Coeur de soignante Recette huiles essentielles<\/title>\n<meta name=\"description\" content=\"Recette \u00e0 base d&#039;huiles essentielles, pour vous aider \u00e0 retrouver de l&#039;\u00e9nergie et de la motivation \u00e0 tout moment de la journ\u00e9e,\" \/>\n<meta name=\"robots\" content=\"index, follow, max-snippet:-1, max-image-preview:large, max-video-preview:-1\" \/>\n<link rel=\"canonical\" href=\"https:\/\/coeurdesoignante.fr\/index.php\/produit\/recette-confiance-energie\/\" \/>\n<meta property=\"og:locale\" content=\"fr_FR\" \/>\n<meta property=\"og:type\" content=\"article\" \/>\n<meta property=\"og:title\" content=\"Recette confiance &amp; energie - Coeur de soignante Recette huiles essentielles\" \/>\n<meta property=\"og:description\" content=\"Recette \u00e0 base d&#039;huiles essentielles, pour vous aider \u00e0 retrouver de l&#039;\u00e9nergie et de la motivation \u00e0 tout moment de la journ\u00e9e,\" \/>\n<meta property=\"og:url\" content=\"https:\/\/coeurdesoignante.fr\/index.php\/produit\/recette-confiance-energie\/\" \/>\n<meta property=\"og:site_name\" content=\"Coeur de soignante\" \/>\n<meta property=\"og:image\" content=\"https:\/\/coeurdesoignante.fr\/wp-content\/uploads\/2025\/05\/pexels-photo-6694180.jpeg\" \/>\n\t<meta property=\"og:image:width\" content=\"600\" \/>\n\t<meta property=\"og:image:height\" content=\"400\" \/>\n\t<meta property=\"og:image:type\" content=\"image\/jpeg\" \/>\n<meta name=\"twitter:card\" content=\"summary_large_image\" \/>\n<meta name=\"twitter:label1\" content=\"Dur\u00e9e de lecture estim\u00e9e\" \/>\n\t<meta name=\"twitter:data1\" content=\"1 minute\" \/>\n<script type=\"application\/ld+json\" class=\"yoast-schema-graph\">{\"@context\":\"https:\/\/schema.org\",\"@graph\":[{\"@type\":\"WebPage\",\"@id\":\"https:\/\/coeurdesoignante.fr\/index.php\/produit\/recette-confiance-energie\/\",\"url\":\"https:\/\/coeurdesoignante.fr\/index.php\/produit\/recette-confiance-energie\/\",\"name\":\"Recette confiance & energie - Coeur de soignante Recette huiles essentielles\",\"isPartOf\":{\"@id\":\"https:\/\/coeurdesoignante.fr\/#website\"},\"primaryImageOfPage\":{\"@id\":\"https:\/\/coeurdesoignante.fr\/index.php\/produit\/recette-confiance-energie\/#primaryimage\"},\"image\":{\"@id\":\"https:\/\/coeurdesoignante.fr\/index.php\/produit\/recette-confiance-energie\/#primaryimage\"},\"thumbnailUrl\":\"https:\/\/coeurdesoignante.fr\/wp-content\/uploads\/2025\/05\/pexels-photo-6694180.jpeg\",\"datePublished\":\"2025-05-16T06:40:16+00:00\",\"description\":\"Recette \u00e0 base d'huiles essentielles, pour vous aider \u00e0 retrouver de l'\u00e9nergie et de la motivation \u00e0 tout moment de la journ\u00e9e,\",\"breadcrumb\":{\"@id\":\"https:\/\/coeurdesoignante.fr\/index.php\/produit\/recette-confiance-energie\/#breadcrumb\"},\"inLanguage\":\"fr-FR\",\"potentialAction\":[{\"@type\":\"ReadAction\",\"target\":[\"https:\/\/coeurdesoignante.fr\/index.php\/produit\/recette-confiance-energie\/\"]}]},{\"@type\":\"ImageObject\",\"inLanguage\":\"fr-FR\",\"@id\":\"https:\/\/coeurdesoignante.fr\/index.php\/produit\/recette-confiance-energie\/#primaryimage\",\"url\":\"https:\/\/coeurdesoignante.fr\/wp-content\/uploads\/2025\/05\/pexels-photo-6694180.jpeg\",\"contentUrl\":\"https:\/\/coeurdesoignante.fr\/wp-content\/uploads\/2025\/05\/pexels-photo-6694180.jpeg\",\"width\":600,\"height\":400},{\"@type\":\"BreadcrumbList\",\"@id\":\"https:\/\/coeurdesoignante.fr\/index.php\/produit\/recette-confiance-energie\/#breadcrumb\",\"itemListElement\":[{\"@type\":\"ListItem\",\"position\":1,\"name\":\"Accueil\",\"item\":\"https:\/\/coeurdesoignante.fr\/\"},{\"@type\":\"ListItem\",\"position\":2,\"name\":\"Boutique\",\"item\":\"https:\/\/coeurdesoignante.fr\/index.php\/boutique\/\"},{\"@type\":\"ListItem\",\"position\":3,\"name\":\"Recette confiance &#038; energie\"}]},{\"@type\":\"WebSite\",\"@id\":\"https:\/\/coeurdesoignante.fr\/#website\",\"url\":\"https:\/\/coeurdesoignante.fr\/\",\"name\":\"Coeur de soignante\",\"description\":\"Mets KO ton stress\",\"potentialAction\":[{\"@type\":\"SearchAction\",\"target\":{\"@type\":\"EntryPoint\",\"urlTemplate\":\"https:\/\/coeurdesoignante.fr\/?s={search_term_string}\"},\"query-input\":{\"@type\":\"PropertyValueSpecification\",\"valueRequired\":true,\"valueName\":\"search_term_string\"}}],\"inLanguage\":\"fr-FR\"}]}<\/script>\n<!-- \/ Yoast SEO plugin. -->","yoast_head_json":{"title":"Recette confiance & energie - Coeur de soignante Recette huiles essentielles","description":"Recette \u00e0 base d'huiles essentielles, pour vous aider \u00e0 retrouver de l'\u00e9nergie et de la motivation \u00e0 tout moment de la journ\u00e9e,","robots":{"index":"index","follow":"follow","max-snippet":"max-snippet:-1","max-image-preview":"max-image-preview:large","max-video-preview":"max-video-preview:-1"},"canonical":"https:\/\/coeurdesoignante.fr\/index.php\/produit\/recette-confiance-energie\/","og_locale":"fr_FR","og_type":"article","og_title":"Recette confiance & energie - Coeur de soignante Recette huiles essentielles","og_description":"Recette \u00e0 base d'huiles essentielles, pour vous aider \u00e0 retrouver de l'\u00e9nergie et de la motivation \u00e0 tout moment de la journ\u00e9e,","og_url":"https:\/\/coeurdesoignante.fr\/index.php\/produit\/recette-confiance-energie\/","og_site_name":"Coeur de soignante","og_image":[{"width":600,"height":400,"url":"https:\/\/coeurdesoignante.fr\/wp-content\/uploads\/2025\/05\/pexels-photo-6694180.jpeg","type":"image\/jpeg"}],"twitter_card":"summary_large_image","twitter_misc":{"Dur\u00e9e de lecture estim\u00e9e":"1 minute"},"schema":{"@context":"https:\/\/schema.org","@graph":[{"@type":"WebPage","@id":"https:\/\/coeurdesoignante.fr\/index.php\/produit\/recette-confiance-energie\/","url":"https:\/\/coeurdesoignante.fr\/index.php\/produit\/recette-confiance-energie\/","name":"Recette confiance & energie - Coeur de soignante Recette huiles essentielles","isPartOf":{"@id":"https:\/\/coeurdesoignante.fr\/#website"},"primaryImageOfPage":{"@id":"https:\/\/coeurdesoignante.fr\/index.php\/produit\/recette-confiance-energie\/#primaryimage"},"image":{"@id":"https:\/\/coeurdesoignante.fr\/index.php\/produit\/recette-confiance-energie\/#primaryimage"},"thumbnailUrl":"https:\/\/coeurdesoignante.fr\/wp-content\/uploads\/2025\/05\/pexels-photo-6694180.jpeg","datePublished":"2025-05-16T06:40:16+00:00","description":"Recette \u00e0 base d'huiles essentielles, pour vous aider \u00e0 retrouver de l'\u00e9nergie et de la motivation \u00e0 tout moment de la journ\u00e9e,","breadcrumb":{"@id":"https:\/\/coeurdesoignante.fr\/index.php\/produit\/recette-confiance-energie\/#breadcrumb"},"inLanguage":"fr-FR","potentialAction":[{"@type":"ReadAction","target":["https:\/\/coeurdesoignante.fr\/index.php\/produit\/recette-confiance-energie\/"]}]},{"@type":"ImageObject","inLanguage":"fr-FR","@id":"https:\/\/coeurdesoignante.fr\/index.php\/produit\/recette-confiance-energie\/#primaryimage","url":"https:\/\/coeurdesoignante.fr\/wp-content\/uploads\/2025\/05\/pexels-photo-6694180.jpeg","contentUrl":"https:\/\/coeurdesoignante.fr\/wp-content\/uploads\/2025\/05\/pexels-photo-6694180.jpeg","width":600,"height":400},{"@type":"BreadcrumbList","@id":"https:\/\/coeurdesoignante.fr\/index.php\/produit\/recette-confiance-energie\/#breadcrumb","itemListElement":[{"@type":"ListItem","position":1,"name":"Accueil","item":"https:\/\/coeurdesoignante.fr\/"},{"@type":"ListItem","position":2,"name":"Boutique","item":"https:\/\/coeurdesoignante.fr\/index.php\/boutique\/"},{"@type":"ListItem","position":3,"name":"Recette confiance &#038; energie"}]},{"@type":"WebSite","@id":"https:\/\/coeurdesoignante.fr\/#website","url":"https:\/\/coeurdesoignante.fr\/","name":"Coeur de soignante","description":"Mets KO ton stress","potentialAction":[{"@type":"SearchAction","target":{"@type":"EntryPoint","urlTemplate":"https:\/\/coeurdesoignante.fr\/?s={search_term_string}"},"query-input":{"@type":"PropertyValueSpecification","valueRequired":true,"valueName":"search_term_string"}}],"inLanguage":"fr-FR"}]}},"_links":{"self":[{"href":"https:\/\/coeurdesoignante.fr\/index.php\/wp-json\/wp\/v2\/product\/437","targetHints":{"allow":["GET"]}}],"collection":[{"href":"https:\/\/coeurdesoignante.fr\/index.php\/wp-json\/wp\/v2\/product"}],"about":[{"href":"https:\/\/coeurdesoignante.fr\/index.php\/wp-json\/wp\/v2\/types\/product"}],"replies":[{"embeddable":true,"href":"https:\/\/coeurdesoignante.fr\/index.php\/wp-json\/wp\/v2\/comments?post=437"}],"wp:featuredmedia":[{"embeddable":true,"href":"https:\/\/coeurdesoignante.fr\/index.php\/wp-json\/wp\/v2\/media\/439"}],"wp:attachment":[{"href":"https:\/\/coeurdesoignante.fr\/index.php\/wp-json\/wp\/v2\/media?parent=437"}],"wp:term":[{"taxonomy":"product_brand","embeddable":true,"href":"https:\/\/coeurdesoignante.fr\/index.php\/wp-json\/wp\/v2\/product_brand?post=437"},{"taxonomy":"product_cat","embeddable":true,"href":"https:\/\/coeurdesoignante.fr\/index.php\/wp-json\/wp\/v2\/product_cat?post=437"},{"taxonomy":"product_tag","embeddable":true,"href":"https:\/\/coeurdesoignante.fr\/index.php\/wp-json\/wp\/v2\/product_tag?post=437"}],"curies":[{"name":"wp","href":"https:\/\/api.w.org\/{rel}","templated":true}]}}