{"id":398,"date":"2025-05-13T10:57:15","date_gmt":"2025-05-13T08:57:15","guid":{"rendered":"https:\/\/coeurdesoignante.fr\/?post_type=product&#038;p=398"},"modified":"2025-09-26T13:46:40","modified_gmt":"2025-09-26T11:46:40","slug":"carte-cadeau-revele-toi","status":"publish","type":"product","link":"https:\/\/coeurdesoignante.fr\/index.php\/produit\/carte-cadeau-revele-toi\/","title":{"rendered":"Carte cadeau &#8211; S\u00e9ance r\u00e9v\u00e8le toi"},"content":{"rendered":"<p>[et_pb_section fb_built=\u00a0\u00bb1&Prime; _builder_version=\u00a0\u00bb3.22&Prime; custom_padding=\u00a0\u00bb0px||||false|false\u00a0\u00bb global_colors_info=\u00a0\u00bb{}\u00a0\u00bb][et_pb_row _builder_version=\u00a0\u00bb3.25&Prime; background_size=\u00a0\u00bbinitial\u00a0\u00bb background_position=\u00a0\u00bbtop_left\u00a0\u00bb background_repeat=\u00a0\u00bbrepeat\u00a0\u00bb width=\u00a0\u00bb100%\u00a0\u00bb custom_padding=\u00a0\u00bb0px||0px||false|false\u00a0\u00bb global_colors_info=\u00a0\u00bb{}\u00a0\u00bb][et_pb_column type=\u00a0\u00bb4_4&Prime; _builder_version=\u00a0\u00bb3.25&Prime; custom_padding=\u00a0\u00bb|||\u00a0\u00bb global_colors_info=\u00a0\u00bb{}\u00a0\u00bb custom_padding__hover=\u00a0\u00bb|||\u00a0\u00bb][et_pb_wc_breadcrumb _builder_version=\u00a0\u00bb3.0.47&Prime; global_colors_info=\u00a0\u00bb{}\u00a0\u00bb][\/et_pb_wc_breadcrumb][et_pb_wc_cart_notice global_colors_info=\u00a0\u00bb{}\u00a0\u00bb][\/et_pb_wc_cart_notice][\/et_pb_column][\/et_pb_row][et_pb_row column_structure=\u00a0\u00bb1_2,1_2&Prime; _builder_version=\u00a0\u00bb3.25&Prime; background_size=\u00a0\u00bbinitial\u00a0\u00bb background_position=\u00a0\u00bbtop_left\u00a0\u00bb background_repeat=\u00a0\u00bbrepeat\u00a0\u00bb width=\u00a0\u00bb100%\u00a0\u00bb custom_padding=\u00a0\u00bb0px||||false|false\u00a0\u00bb global_colors_info=\u00a0\u00bb{}\u00a0\u00bb][et_pb_column type=\u00a0\u00bb1_2&Prime; _builder_version=\u00a0\u00bb3.25&Prime; custom_padding=\u00a0\u00bb|||\u00a0\u00bb global_colors_info=\u00a0\u00bb{}\u00a0\u00bb custom_padding__hover=\u00a0\u00bb|||\u00a0\u00bb][et_pb_image src=\u00a0\u00bbhttps:\/\/coeurdesoignante.fr\/wp-content\/uploads\/2025\/09\/Carte-cadeau-Revele-toi.png\u00a0\u00bb alt=\u00a0\u00bbR\u00e9v\u00e8le toi\u00a0\u00bb title_text=\u00a0\u00bbCarte cadeau R\u00e9v\u00e8le toi\u00a0\u00bb _builder_version=\u00a0\u00bb4.14.7&Prime; _module_preset=\u00a0\u00bbdefault\u00a0\u00bb global_colors_info=\u00a0\u00bb{}\u00a0\u00bb][\/et_pb_image][\/et_pb_column][et_pb_column type=\u00a0\u00bb1_2&Prime; _builder_version=\u00a0\u00bb3.25&Prime; custom_padding=\u00a0\u00bb|||\u00a0\u00bb global_colors_info=\u00a0\u00bb{}\u00a0\u00bb custom_padding__hover=\u00a0\u00bb|||\u00a0\u00bb][et_pb_wc_title _builder_version=\u00a0\u00bb4.14.7&Prime; header_font=\u00a0\u00bbGilda Display||||||||\u00a0\u00bb header_text_color=\u00a0\u00bb#5D0D6E\u00a0\u00bb global_colors_info=\u00a0\u00bb{}\u00a0\u00bb][\/et_pb_wc_title][et_pb_wc_rating _builder_version=\u00a0\u00bb3.0.47&Prime; global_colors_info=\u00a0\u00bb{}\u00a0\u00bb][\/et_pb_wc_rating][et_pb_wc_price _builder_version=\u00a0\u00bb3.0.47&Prime; global_colors_info=\u00a0\u00bb{}\u00a0\u00bb][\/et_pb_wc_price][et_pb_wc_description _builder_version=\u00a0\u00bb4.14.7&Prime; body_font=\u00a0\u00bbGilda Display||||||||\u00a0\u00bb body_text_color=\u00a0\u00bb#5D0D6E\u00a0\u00bb body_font_size=\u00a0\u00bb17px\u00a0\u00bb global_colors_info=\u00a0\u00bb{}\u00a0\u00bb][\/et_pb_wc_description][et_pb_wc_add_to_cart global_colors_info=\u00a0\u00bb{}\u00a0\u00bb][\/et_pb_wc_add_to_cart][et_pb_wc_meta _builder_version=\u00a0\u00bb3.0.47&Prime; global_colors_info=\u00a0\u00bb{}\u00a0\u00bb][\/et_pb_wc_meta][\/et_pb_column][\/et_pb_row][et_pb_row _builder_version=\u00a0\u00bb3.25&Prime; background_size=\u00a0\u00bbinitial\u00a0\u00bb background_position=\u00a0\u00bbtop_left\u00a0\u00bb background_repeat=\u00a0\u00bbrepeat\u00a0\u00bb width=\u00a0\u00bb100%\u00a0\u00bb global_colors_info=\u00a0\u00bb{}\u00a0\u00bb][et_pb_column type=\u00a0\u00bb4_4&Prime; _builder_version=\u00a0\u00bb3.25&Prime; custom_padding=\u00a0\u00bb|||\u00a0\u00bb global_colors_info=\u00a0\u00bb{}\u00a0\u00bb custom_padding__hover=\u00a0\u00bb|||\u00a0\u00bb][et_pb_wc_tabs _builder_version=\u00a0\u00bb3.0.47&Prime; global_colors_info=\u00a0\u00bb{}\u00a0\u00bb]\t\t\t\t\t[\/et_pb_wc_tabs][et_pb_wc_upsells _builder_version=\u00a0\u00bb3.0.47&Prime; global_colors_info=\u00a0\u00bb{}\u00a0\u00bb][\/et_pb_wc_upsells][et_pb_wc_related_products _builder_version=\u00a0\u00bb3.0.47&Prime; global_colors_info=\u00a0\u00bb{}\u00a0\u00bb][\/et_pb_wc_related_products][\/et_pb_column][\/et_pb_row][\/et_pb_section]<\/p>\n","protected":false},"excerpt":{"rendered":"<p><strong>Pour qui?<\/strong><\/p>\n<p>La s\u00e9ance R\u00e9v\u00e8le toi s&rsquo;adresse aux femmes qui se sentent stress\u00e9es, et qui souhaitent avancer dans leur vie, parasit\u00e9es par des peurs, des blocages, ou une timidit\u00e9:<\/p>\n<ul>\n<li>Peur de prendre des d\u00e9cisions, de d\u00e9ranger, de prendre la parole\u2026<\/li>\n<li>Des insomnies<\/li>\n<li>Des \u00e9motions n\u00e9gatives (col\u00e8re, frustrations, tristesse,\u2026)<\/li>\n<\/ul>\n<p>Vous aimeriez d\u00e9passer ces peurs pour prendre votre place?<\/p>\n<p>Je peux vous aider gr\u00e2ce \u00e0 des protocoles olfactifs avec des huiles essentielles et des conseils personnalis\u00e9s.<\/p>\n","protected":false},"featured_media":480,"comment_status":"open","ping_status":"closed","template":"","meta":{"_et_pb_use_builder":"on","_et_pb_old_content":"L\u2019accompagnement se d\u00e9roule en une seule s\u00e9ance, comme un coaching \u00ab\u00a0one shot\u00a0\u00bb avec une partie neurosciences\u00a0: Petite pr\u00e9sentation sur le fonctionnement du cerveau et les diff\u00e9rentes cat\u00e9gories d\u2019huiles essentielles, Vous avez des blocages \u00e9motionnels\u00a0? Vous vous sentez fatigu\u00e9e \u00e9motionnellement\u00a0? Vous vous sentez surmen\u00e9e\u00a0?\r\n\r\nPourquoi b\u00e9n\u00e9ficier d\u2019un accompagnement ?\u00a0 Les huiles essentielles peuvent \u00eatre un alli\u00e9 dans votre bien-\u00eatre mental, elles vont travailler sur la sph\u00e8re \u00e9motionnelle, de mani\u00e8re holistique,\r\n\r\nUn entretien individuel pour connaitre vos blocages et la source de votre stress (le stresseur) je me sers des neurosciences pour vous aider \u00e0 comprendre les m\u00e9canismes du stress,\r\n\r\nOn commence par l\u2019entretien qui me permet de conna\u00eetre vos attentes, je vous questionne sur vos besoins, votre mode de vie,","_et_gb_content_width":""},"product_brand":[],"product_cat":[23],"product_tag":[],"class_list":{"0":"post-398","1":"product","2":"type-product","3":"status-publish","4":"has-post-thumbnail","6":"product_cat-non-classe","8":"first","9":"instock","10":"virtual","11":"purchasable","12":"product-type-simple"},"yoast_head":"<!-- This site is optimized with the Yoast SEO plugin v27.2 - https:\/\/yoast.com\/product\/yoast-seo-wordpress\/ -->\n<title>Carte cadeau - S\u00e9ance r\u00e9v\u00e8le toi - Coeur de soignante carte cadeau r\u00e9v\u00e8le toi<\/title>\n<meta name=\"description\" content=\"Carte cadeau R\u00e9v\u00e8le toi, \u00e0 offrir pour la f\u00eate des m\u00e8res, anniversaire, ou toute autre occasion, pour un accompagnement en visio\" \/>\n<meta name=\"robots\" content=\"index, follow, max-snippet:-1, max-image-preview:large, max-video-preview:-1\" \/>\n<link rel=\"canonical\" href=\"https:\/\/coeurdesoignante.fr\/index.php\/produit\/carte-cadeau-revele-toi\/\" \/>\n<meta property=\"og:locale\" content=\"fr_FR\" \/>\n<meta property=\"og:type\" content=\"article\" \/>\n<meta property=\"og:title\" content=\"Carte cadeau - S\u00e9ance r\u00e9v\u00e8le toi - Coeur de soignante carte cadeau r\u00e9v\u00e8le toi\" \/>\n<meta property=\"og:description\" content=\"Carte cadeau R\u00e9v\u00e8le toi, \u00e0 offrir pour la f\u00eate des m\u00e8res, anniversaire, ou toute autre occasion, pour un accompagnement en visio\" \/>\n<meta property=\"og:url\" content=\"https:\/\/coeurdesoignante.fr\/index.php\/produit\/carte-cadeau-revele-toi\/\" \/>\n<meta property=\"og:site_name\" content=\"Coeur de soignante\" \/>\n<meta property=\"article:modified_time\" content=\"2025-09-26T11:46:40+00:00\" \/>\n<meta property=\"og:image\" content=\"https:\/\/coeurdesoignante.fr\/wp-content\/uploads\/2025\/09\/Carte-cadeau-Revele-toi.png\" \/>\n\t<meta property=\"og:image:width\" content=\"1748\" \/>\n\t<meta property=\"og:image:height\" content=\"1240\" \/>\n\t<meta property=\"og:image:type\" content=\"image\/png\" \/>\n<meta name=\"twitter:card\" content=\"summary_large_image\" \/>\n<meta name=\"twitter:label1\" content=\"Dur\u00e9e de lecture estim\u00e9e\" \/>\n\t<meta name=\"twitter:data1\" content=\"1 minute\" \/>\n<script type=\"application\/ld+json\" class=\"yoast-schema-graph\">{\"@context\":\"https:\/\/schema.org\",\"@graph\":[{\"@type\":\"WebPage\",\"@id\":\"https:\/\/coeurdesoignante.fr\/index.php\/produit\/carte-cadeau-revele-toi\/\",\"url\":\"https:\/\/coeurdesoignante.fr\/index.php\/produit\/carte-cadeau-revele-toi\/\",\"name\":\"Carte cadeau - S\u00e9ance r\u00e9v\u00e8le toi - Coeur de soignante carte cadeau r\u00e9v\u00e8le toi\",\"isPartOf\":{\"@id\":\"https:\/\/coeurdesoignante.fr\/#website\"},\"primaryImageOfPage\":{\"@id\":\"https:\/\/coeurdesoignante.fr\/index.php\/produit\/carte-cadeau-revele-toi\/#primaryimage\"},\"image\":{\"@id\":\"https:\/\/coeurdesoignante.fr\/index.php\/produit\/carte-cadeau-revele-toi\/#primaryimage\"},\"thumbnailUrl\":\"https:\/\/coeurdesoignante.fr\/wp-content\/uploads\/2025\/09\/Carte-cadeau-Revele-toi.png\",\"datePublished\":\"2025-05-13T08:57:15+00:00\",\"dateModified\":\"2025-09-26T11:46:40+00:00\",\"description\":\"Carte cadeau R\u00e9v\u00e8le toi, \u00e0 offrir pour la f\u00eate des m\u00e8res, anniversaire, ou toute autre occasion, pour un accompagnement en visio\",\"breadcrumb\":{\"@id\":\"https:\/\/coeurdesoignante.fr\/index.php\/produit\/carte-cadeau-revele-toi\/#breadcrumb\"},\"inLanguage\":\"fr-FR\",\"potentialAction\":[{\"@type\":\"ReadAction\",\"target\":[\"https:\/\/coeurdesoignante.fr\/index.php\/produit\/carte-cadeau-revele-toi\/\"]}]},{\"@type\":\"ImageObject\",\"inLanguage\":\"fr-FR\",\"@id\":\"https:\/\/coeurdesoignante.fr\/index.php\/produit\/carte-cadeau-revele-toi\/#primaryimage\",\"url\":\"https:\/\/coeurdesoignante.fr\/wp-content\/uploads\/2025\/09\/Carte-cadeau-Revele-toi.png\",\"contentUrl\":\"https:\/\/coeurdesoignante.fr\/wp-content\/uploads\/2025\/09\/Carte-cadeau-Revele-toi.png\",\"width\":1748,\"height\":1240,\"caption\":\"R\u00e9v\u00e8le toi\"},{\"@type\":\"BreadcrumbList\",\"@id\":\"https:\/\/coeurdesoignante.fr\/index.php\/produit\/carte-cadeau-revele-toi\/#breadcrumb\",\"itemListElement\":[{\"@type\":\"ListItem\",\"position\":1,\"name\":\"Accueil\",\"item\":\"https:\/\/coeurdesoignante.fr\/\"},{\"@type\":\"ListItem\",\"position\":2,\"name\":\"Boutique\",\"item\":\"https:\/\/coeurdesoignante.fr\/index.php\/boutique\/\"},{\"@type\":\"ListItem\",\"position\":3,\"name\":\"Carte cadeau &#8211; S\u00e9ance r\u00e9v\u00e8le toi\"}]},{\"@type\":\"WebSite\",\"@id\":\"https:\/\/coeurdesoignante.fr\/#website\",\"url\":\"https:\/\/coeurdesoignante.fr\/\",\"name\":\"Coeur de soignante\",\"description\":\"Mets KO ton stress\",\"potentialAction\":[{\"@type\":\"SearchAction\",\"target\":{\"@type\":\"EntryPoint\",\"urlTemplate\":\"https:\/\/coeurdesoignante.fr\/?s={search_term_string}\"},\"query-input\":{\"@type\":\"PropertyValueSpecification\",\"valueRequired\":true,\"valueName\":\"search_term_string\"}}],\"inLanguage\":\"fr-FR\"}]}<\/script>\n<!-- \/ Yoast SEO plugin. -->","yoast_head_json":{"title":"Carte cadeau - S\u00e9ance r\u00e9v\u00e8le toi - Coeur de soignante carte cadeau r\u00e9v\u00e8le toi","description":"Carte cadeau R\u00e9v\u00e8le toi, \u00e0 offrir pour la f\u00eate des m\u00e8res, anniversaire, ou toute autre occasion, pour un accompagnement en visio","robots":{"index":"index","follow":"follow","max-snippet":"max-snippet:-1","max-image-preview":"max-image-preview:large","max-video-preview":"max-video-preview:-1"},"canonical":"https:\/\/coeurdesoignante.fr\/index.php\/produit\/carte-cadeau-revele-toi\/","og_locale":"fr_FR","og_type":"article","og_title":"Carte cadeau - S\u00e9ance r\u00e9v\u00e8le toi - Coeur de soignante carte cadeau r\u00e9v\u00e8le toi","og_description":"Carte cadeau R\u00e9v\u00e8le toi, \u00e0 offrir pour la f\u00eate des m\u00e8res, anniversaire, ou toute autre occasion, pour un accompagnement en visio","og_url":"https:\/\/coeurdesoignante.fr\/index.php\/produit\/carte-cadeau-revele-toi\/","og_site_name":"Coeur de soignante","article_modified_time":"2025-09-26T11:46:40+00:00","og_image":[{"width":1748,"height":1240,"url":"https:\/\/coeurdesoignante.fr\/wp-content\/uploads\/2025\/09\/Carte-cadeau-Revele-toi.png","type":"image\/png"}],"twitter_card":"summary_large_image","twitter_misc":{"Dur\u00e9e de lecture estim\u00e9e":"1 minute"},"schema":{"@context":"https:\/\/schema.org","@graph":[{"@type":"WebPage","@id":"https:\/\/coeurdesoignante.fr\/index.php\/produit\/carte-cadeau-revele-toi\/","url":"https:\/\/coeurdesoignante.fr\/index.php\/produit\/carte-cadeau-revele-toi\/","name":"Carte cadeau - S\u00e9ance r\u00e9v\u00e8le toi - Coeur de soignante carte cadeau r\u00e9v\u00e8le toi","isPartOf":{"@id":"https:\/\/coeurdesoignante.fr\/#website"},"primaryImageOfPage":{"@id":"https:\/\/coeurdesoignante.fr\/index.php\/produit\/carte-cadeau-revele-toi\/#primaryimage"},"image":{"@id":"https:\/\/coeurdesoignante.fr\/index.php\/produit\/carte-cadeau-revele-toi\/#primaryimage"},"thumbnailUrl":"https:\/\/coeurdesoignante.fr\/wp-content\/uploads\/2025\/09\/Carte-cadeau-Revele-toi.png","datePublished":"2025-05-13T08:57:15+00:00","dateModified":"2025-09-26T11:46:40+00:00","description":"Carte cadeau R\u00e9v\u00e8le toi, \u00e0 offrir pour la f\u00eate des m\u00e8res, anniversaire, ou toute autre occasion, pour un accompagnement en visio","breadcrumb":{"@id":"https:\/\/coeurdesoignante.fr\/index.php\/produit\/carte-cadeau-revele-toi\/#breadcrumb"},"inLanguage":"fr-FR","potentialAction":[{"@type":"ReadAction","target":["https:\/\/coeurdesoignante.fr\/index.php\/produit\/carte-cadeau-revele-toi\/"]}]},{"@type":"ImageObject","inLanguage":"fr-FR","@id":"https:\/\/coeurdesoignante.fr\/index.php\/produit\/carte-cadeau-revele-toi\/#primaryimage","url":"https:\/\/coeurdesoignante.fr\/wp-content\/uploads\/2025\/09\/Carte-cadeau-Revele-toi.png","contentUrl":"https:\/\/coeurdesoignante.fr\/wp-content\/uploads\/2025\/09\/Carte-cadeau-Revele-toi.png","width":1748,"height":1240,"caption":"R\u00e9v\u00e8le toi"},{"@type":"BreadcrumbList","@id":"https:\/\/coeurdesoignante.fr\/index.php\/produit\/carte-cadeau-revele-toi\/#breadcrumb","itemListElement":[{"@type":"ListItem","position":1,"name":"Accueil","item":"https:\/\/coeurdesoignante.fr\/"},{"@type":"ListItem","position":2,"name":"Boutique","item":"https:\/\/coeurdesoignante.fr\/index.php\/boutique\/"},{"@type":"ListItem","position":3,"name":"Carte cadeau &#8211; S\u00e9ance r\u00e9v\u00e8le toi"}]},{"@type":"WebSite","@id":"https:\/\/coeurdesoignante.fr\/#website","url":"https:\/\/coeurdesoignante.fr\/","name":"Coeur de soignante","description":"Mets KO ton stress","potentialAction":[{"@type":"SearchAction","target":{"@type":"EntryPoint","urlTemplate":"https:\/\/coeurdesoignante.fr\/?s={search_term_string}"},"query-input":{"@type":"PropertyValueSpecification","valueRequired":true,"valueName":"search_term_string"}}],"inLanguage":"fr-FR"}]}},"_links":{"self":[{"href":"https:\/\/coeurdesoignante.fr\/index.php\/wp-json\/wp\/v2\/product\/398","targetHints":{"allow":["GET"]}}],"collection":[{"href":"https:\/\/coeurdesoignante.fr\/index.php\/wp-json\/wp\/v2\/product"}],"about":[{"href":"https:\/\/coeurdesoignante.fr\/index.php\/wp-json\/wp\/v2\/types\/product"}],"replies":[{"embeddable":true,"href":"https:\/\/coeurdesoignante.fr\/index.php\/wp-json\/wp\/v2\/comments?post=398"}],"wp:featuredmedia":[{"embeddable":true,"href":"https:\/\/coeurdesoignante.fr\/index.php\/wp-json\/wp\/v2\/media\/480"}],"wp:attachment":[{"href":"https:\/\/coeurdesoignante.fr\/index.php\/wp-json\/wp\/v2\/media?parent=398"}],"wp:term":[{"taxonomy":"product_brand","embeddable":true,"href":"https:\/\/coeurdesoignante.fr\/index.php\/wp-json\/wp\/v2\/product_brand?post=398"},{"taxonomy":"product_cat","embeddable":true,"href":"https:\/\/coeurdesoignante.fr\/index.php\/wp-json\/wp\/v2\/product_cat?post=398"},{"taxonomy":"product_tag","embeddable":true,"href":"https:\/\/coeurdesoignante.fr\/index.php\/wp-json\/wp\/v2\/product_tag?post=398"}],"curies":[{"name":"wp","href":"https:\/\/api.w.org\/{rel}","templated":true}]}}