{"id":17,"date":"2025-04-10T10:36:04","date_gmt":"2025-04-10T08:36:04","guid":{"rendered":"https:\/\/coeurdesoignante.fr\/?page_id=17"},"modified":"2026-03-16T18:35:30","modified_gmt":"2026-03-16T17:35:30","slug":"revele-toi","status":"publish","type":"page","link":"https:\/\/coeurdesoignante.fr\/index.php\/revele-toi\/","title":{"rendered":"R\u00e9v\u00e8le toi, la m\u00e9thode neuro aroma"},"content":{"rendered":"<p>[et_pb_section fb_built=\u00a0\u00bb1&Prime; _builder_version=\u00a0\u00bb4.14.7&Prime; _module_preset=\u00a0\u00bbdefault\u00a0\u00bb global_colors_info=\u00a0\u00bb{}\u00a0\u00bb][et_pb_row column_structure=\u00a0\u00bb1_2,1_2&Prime; _builder_version=\u00a0\u00bb4.14.7&Prime; _module_preset=\u00a0\u00bbdefault\u00a0\u00bb custom_padding=\u00a0\u00bb0px|||||\u00a0\u00bb global_colors_info=\u00a0\u00bb{}\u00a0\u00bb][et_pb_column type=\u00a0\u00bb1_2&Prime; _builder_version=\u00a0\u00bb4.14.7&Prime; _module_preset=\u00a0\u00bbdefault\u00a0\u00bb global_colors_info=\u00a0\u00bb{}\u00a0\u00bb][et_pb_text _builder_version=\u00a0\u00bb4.14.7&Prime; _module_preset=\u00a0\u00bbdefault\u00a0\u00bb text_font=\u00a0\u00bbGilda Display||||||||\u00a0\u00bb text_text_color=\u00a0\u00bb#5D0D6E\u00a0\u00bb text_font_size=\u00a0\u00bb17px\u00a0\u00bb global_colors_info=\u00a0\u00bb{}\u00a0\u00bb]<\/p>\n<p>Avec r\u00e9v\u00e8le toi, j&rsquo;accompagne les femmes en s\u00e9ance individuel, pour apprendre \u00e0 g\u00e9rer son stress avec la m\u00e9thode neuro-aroma qui combine neurosciences et aromath\u00e9rapie<\/p>\n<p>Ce qu&rsquo;il faut entendre par stress ce sont des pens\u00e9es parasites, telles que des sentiments de blocages, des peurs,&#8230;<\/p>\n<p>Ce qui engendre de la col\u00e8re, de la frustration ou une incapacit\u00e9 \u00e0 avancer ou prendre des d\u00e9cisions,<\/p>\n<ul>\n<li>Peur de prendre des d\u00e9cisions, de d\u00e9ranger, de prendre la parole\u2026<\/li>\n<li>Des insomnies<\/li>\n<li>Des \u00e9motions n\u00e9gatives (col\u00e8re, frustrations, tristesse,\u2026)<\/li>\n<\/ul>\n<p>Vous aimeriez d\u00e9passer ces peurs pour prendre votre place?<\/p>\n<p>Je peux vous aider gr\u00e2ce \u00e0 des protocoles olfactifs avec des huiles essentielles et des conseils personnalis\u00e9s.<\/p>\n<p>Je vous comprends car je suis pass\u00e9e par ces situations,<\/p>\n<p>Je peux vous aider gr\u00e2ce \u00e0 mes outils, mon exp\u00e9rience, mes connaissances en olfactoth\u00e9rapie et ma formation en neurosciences (qui est l&rsquo;\u00e9tude du syst\u00e8me nerveux)<\/p>\n<p>Pour aller mieux et avancer dans votre vie, et apprendre \u00e0 apprivoiser vos \u00e9motions n\u00e9gatives.<\/p>\n<p>[\/et_pb_text][\/et_pb_column][et_pb_column type=\u00a0\u00bb1_2&Prime; _builder_version=\u00a0\u00bb4.14.7&Prime; _module_preset=\u00a0\u00bbdefault\u00a0\u00bb background_image=\u00a0\u00bbhttps:\/\/coeurdesoignante.fr\/wp-content\/uploads\/2025\/04\/pexels-photo-10543811.jpeg\u00a0\u00bb global_colors_info=\u00a0\u00bb{}\u00a0\u00bb][et_pb_image src=\u00a0\u00bbhttps:\/\/coeurdesoignante.fr\/wp-content\/uploads\/2025\/04\/pexels-photo-10543811.jpeg\u00a0\u00bb alt=\u00a0\u00bbJe mets ko mon stress\u00a0\u00bb _builder_version=\u00a0\u00bb4.14.7&Prime; _module_preset=\u00a0\u00bbdefault\u00a0\u00bb global_colors_info=\u00a0\u00bb{}\u00a0\u00bb][\/et_pb_image][\/et_pb_column][\/et_pb_row][et_pb_row _builder_version=\u00a0\u00bb4.14.7&Prime; _module_preset=\u00a0\u00bbdefault\u00a0\u00bb global_colors_info=\u00a0\u00bb{}\u00a0\u00bb][et_pb_column type=\u00a0\u00bb4_4&Prime; _builder_version=\u00a0\u00bb4.14.7&Prime; _module_preset=\u00a0\u00bbdefault\u00a0\u00bb global_colors_info=\u00a0\u00bb{}\u00a0\u00bb][et_pb_testimonial author=\u00a0\u00bbAng\u00e9lique\u00a0\u00bb quote_icon_color=\u00a0\u00bb#5D0D6E\u00a0\u00bb quote_icon_background_color=\u00a0\u00bb#FFFFFF\u00a0\u00bb font_icon=\u00a0\u00bb&#xf56b;||fa||900&Prime; _builder_version=\u00a0\u00bb4.14.7&Prime; _module_preset=\u00a0\u00bbdefault\u00a0\u00bb body_font=\u00a0\u00bbGilda Display||||||||\u00a0\u00bb body_text_color=\u00a0\u00bb#5D0D6E\u00a0\u00bb body_font_size=\u00a0\u00bb16px\u00a0\u00bb background_color=\u00a0\u00bbRGBA(255,255,255,0)\u00a0\u00bb global_colors_info=\u00a0\u00bb{}\u00a0\u00bb]<\/p>\n<p><em>Je sors de cette bulle de douceur, cette parenth\u00e8se que m&rsquo;a offerte de vivre \u00c9milie. Je me sens ailleurs. C&rsquo;est tellement doux \u00e0 vivre. Une exp\u00e9rience que je recommande \u00e0 quiconque souhaite se reconnecter&#8230; \u00e0 lui-m\u00eame et\/ou \u00e0 l&rsquo;autre. Merci de ta contribution \u00e0 la douceur de vivre \u00c9milie. Ang\u00e9lique<\/em><\/p>\n<p>[\/et_pb_testimonial][\/et_pb_column][\/et_pb_row][et_pb_row _builder_version=\u00a0\u00bb4.14.7&Prime; _module_preset=\u00a0\u00bbdefault\u00a0\u00bb global_colors_info=\u00a0\u00bb{}\u00a0\u00bb][et_pb_column type=\u00a0\u00bb4_4&Prime; _builder_version=\u00a0\u00bb4.14.7&Prime; _module_preset=\u00a0\u00bbdefault\u00a0\u00bb global_colors_info=\u00a0\u00bb{}\u00a0\u00bb][et_pb_divider _builder_version=\u00a0\u00bb4.14.7&Prime; _module_preset=\u00a0\u00bbdefault\u00a0\u00bb global_colors_info=\u00a0\u00bb{}\u00a0\u00bb][\/et_pb_divider][\/et_pb_column][\/et_pb_row][et_pb_row column_structure=\u00a0\u00bb1_2,1_2&Prime; _builder_version=\u00a0\u00bb4.14.7&Prime; _module_preset=\u00a0\u00bbdefault\u00a0\u00bb global_colors_info=\u00a0\u00bb{}\u00a0\u00bb][et_pb_column type=\u00a0\u00bb1_2&Prime; _builder_version=\u00a0\u00bb4.14.7&Prime; _module_preset=\u00a0\u00bbdefault\u00a0\u00bb global_colors_info=\u00a0\u00bb{}\u00a0\u00bb][et_pb_image src=\u00a0\u00bbhttps:\/\/coeurdesoignante.fr\/wp-content\/uploads\/2025\/04\/pexels-ekaterina-bolovtsova-4049992-scaled.jpg\u00a0\u00bb _builder_version=\u00a0\u00bb4.14.7&Prime; _module_preset=\u00a0\u00bbdefault\u00a0\u00bb global_colors_info=\u00a0\u00bb{}\u00a0\u00bb][\/et_pb_image][\/et_pb_column][et_pb_column type=\u00a0\u00bb1_2&Prime; _builder_version=\u00a0\u00bb4.14.7&Prime; _module_preset=\u00a0\u00bbdefault\u00a0\u00bb global_colors_info=\u00a0\u00bb{}\u00a0\u00bb][et_pb_text _builder_version=\u00a0\u00bb4.14.7&Prime; _module_preset=\u00a0\u00bbdefault\u00a0\u00bb text_font=\u00a0\u00bbGilda Display||||||||\u00a0\u00bb text_text_color=\u00a0\u00bb#5D0D6E\u00a0\u00bb text_font_size=\u00a0\u00bb16px\u00a0\u00bb global_colors_info=\u00a0\u00bb{}\u00a0\u00bb]<\/p>\n<blockquote>\n<p><strong>En pratique, comment \u00e7a se passe?<\/strong><\/p>\n<\/blockquote>\n<p>L\u2019accompagnement se d\u00e9roule en une seule s\u00e9ance, comme un coaching \u00ab\u00a0one shot\u00a0\u00bb avec une partie neurosciences\u00a0:<\/p>\n<p>On commence par un entretien sur vos besoins (vous avez des blocages \u00e9motionnels ? Vous vous sentez fatigu\u00e9e \u00e9motionnellement ? Vous vous sentez surmen\u00e9e ?)<\/p>\n<p>Partie conseil et conclusion, vous repartez avec des cl\u00e9s, des conseils personnalis\u00e9s et un protocole \u00e0 mettre en place le soir m\u00eame,<\/p>\n<p>Vous ne restez pas seule, je suis disponible pour r\u00e9pondre \u00e0 la moindre question.<\/p>\n<p>Pourquoi b\u00e9n\u00e9ficier d\u2019un accompagnement\u00a0?\u00a0 Les huiles essentielles peuvent \u00eatre un alli\u00e9 dans votre bien-\u00eatre mental, elles vont travailler sur la sph\u00e8re \u00e9motionnelle, de mani\u00e8re holistique,<\/p>\n<p>[\/et_pb_text][\/et_pb_column][\/et_pb_row][et_pb_row _builder_version=\u00a0\u00bb4.14.7&Prime; _module_preset=\u00a0\u00bbdefault\u00a0\u00bb global_colors_info=\u00a0\u00bb{}\u00a0\u00bb][et_pb_column type=\u00a0\u00bb4_4&Prime; _builder_version=\u00a0\u00bb4.14.7&Prime; _module_preset=\u00a0\u00bbdefault\u00a0\u00bb global_colors_info=\u00a0\u00bb{}\u00a0\u00bb][et_pb_text _builder_version=\u00a0\u00bb4.14.7&Prime; _module_preset=\u00a0\u00bbdefault\u00a0\u00bb text_font=\u00a0\u00bbGilda Display||||||||\u00a0\u00bb text_text_color=\u00a0\u00bb#5D0D6E\u00a0\u00bb text_font_size=\u00a0\u00bb22px\u00a0\u00bb text_text_shadow_style=\u00a0\u00bbpreset3&Prime; global_colors_info=\u00a0\u00bb{}\u00a0\u00bb]<\/p>\n<blockquote>\n<p style=\"text-align: center;\"><strong>Vous souhaitez offir une s\u00e9ance?<\/strong><\/p>\n<\/blockquote>\n<p>[\/et_pb_text][et_pb_image src=\u00a0\u00bbhttps:\/\/coeurdesoignante.fr\/wp-content\/uploads\/2025\/09\/Carte-cadeau-Revele-toi.png\u00a0\u00bb alt=\u00a0\u00bbR\u00e9v\u00e8le toi\u00a0\u00bb title_text=\u00a0\u00bbCarte cadeau R\u00e9v\u00e8le toi\u00a0\u00bb url=\u00a0\u00bbhttps:\/\/coeurdesoignante.fr\/index.php\/produit\/carte-cadeau-je-mets-ko-mon-stress\/\u00a0\u00bb _builder_version=\u00a0\u00bb4.14.7&Prime; _module_preset=\u00a0\u00bbdefault\u00a0\u00bb width=\u00a0\u00bb75%\u00a0\u00bb global_colors_info=\u00a0\u00bb{}\u00a0\u00bb][\/et_pb_image][\/et_pb_column][\/et_pb_row][et_pb_row _builder_version=\u00a0\u00bb4.14.7&Prime; _module_preset=\u00a0\u00bbdefault\u00a0\u00bb global_colors_info=\u00a0\u00bb{}\u00a0\u00bb][et_pb_column type=\u00a0\u00bb4_4&Prime; _builder_version=\u00a0\u00bb4.14.7&Prime; _module_preset=\u00a0\u00bbdefault\u00a0\u00bb global_colors_info=\u00a0\u00bb{}\u00a0\u00bb][et_pb_button button_url=\u00a0\u00bbhttps:\/\/coeurdesoignante.fr\/index.php\/produit\/carte-cadeau-je-mets-ko-mon-stress\/\u00a0\u00bb button_text=\u00a0\u00bbJ&rsquo;offre une s\u00e9ance\u00a0\u00bb _builder_version=\u00a0\u00bb4.14.7&Prime; _module_preset=\u00a0\u00bbdefault\u00a0\u00bb global_colors_info=\u00a0\u00bb{}\u00a0\u00bb][\/et_pb_button][\/et_pb_column][\/et_pb_row][et_pb_row _builder_version=\u00a0\u00bb4.14.7&Prime; _module_preset=\u00a0\u00bbdefault\u00a0\u00bb global_colors_info=\u00a0\u00bb{}\u00a0\u00bb][et_pb_column type=\u00a0\u00bb4_4&Prime; _builder_version=\u00a0\u00bb4.14.7&Prime; _module_preset=\u00a0\u00bbdefault\u00a0\u00bb global_colors_info=\u00a0\u00bb{}\u00a0\u00bb][et_pb_cta title=\u00a0\u00bbJe prends RDV\u00a0\u00bb button_url=\u00a0\u00bbhttps:\/\/calendly.com\/emiliechevallier\u00a0\u00bb button_text=\u00a0\u00bbAGENDA EN LIGNE\u00a0\u00bb _builder_version=\u00a0\u00bb4.14.7&Prime; _module_preset=\u00a0\u00bbdefault\u00a0\u00bb custom_margin=\u00a0\u00bb-22px||-58px|||\u00a0\u00bb global_colors_info=\u00a0\u00bb{}\u00a0\u00bb]<\/p>\n<p>Pour prendre RDV par t\u00e9l\u00e9phone\u00a0 06 82 27 37 03<\/p>\n<p>[\/et_pb_cta][\/et_pb_column][\/et_pb_row][\/et_pb_section][et_pb_section fb_built=\u00a0\u00bb1&Prime; _builder_version=\u00a0\u00bb4.14.7&Prime; _module_preset=\u00a0\u00bbdefault\u00a0\u00bb global_colors_info=\u00a0\u00bb{}\u00a0\u00bb][et_pb_row _builder_version=\u00a0\u00bb4.14.7&Prime; _module_preset=\u00a0\u00bbdefault\u00a0\u00bb global_colors_info=\u00a0\u00bb{}\u00a0\u00bb][et_pb_column type=\u00a0\u00bb4_4&Prime; _builder_version=\u00a0\u00bb4.14.7&Prime; _module_preset=\u00a0\u00bbdefault\u00a0\u00bb global_colors_info=\u00a0\u00bb{}\u00a0\u00bb][\/et_pb_column][\/et_pb_row][\/et_pb_section]<\/p>\n","protected":false},"excerpt":{"rendered":"<p>Avec r\u00e9v\u00e8le toi, j&rsquo;accompagne les femmes en s\u00e9ance individuel, pour apprendre \u00e0 g\u00e9rer son stress avec la m\u00e9thode neuro-aroma qui combine neurosciences et aromath\u00e9rapie Ce qu&rsquo;il faut entendre par stress ce sont des pens\u00e9es parasites, telles que des sentiments de blocages, des peurs,&#8230; Ce qui engendre de la col\u00e8re, de la frustration ou une incapacit\u00e9 [&hellip;]<\/p>\n","protected":false},"author":1,"featured_media":100,"parent":0,"menu_order":0,"comment_status":"closed","ping_status":"closed","template":"","meta":{"_et_pb_use_builder":"on","_et_pb_old_content":"<!-- wp:divi\/placeholder \/-->","_et_gb_content_width":"","footnotes":""},"class_list":["post-17","page","type-page","status-publish","has-post-thumbnail","hentry"],"yoast_head":"<!-- This site is optimized with the Yoast SEO plugin v27.2 - https:\/\/yoast.com\/product\/yoast-seo-wordpress\/ -->\n<title>R\u00e9v\u00e8le toi, la m\u00e9thode neuro aroma - Coeur de soignante S&#039;\u00e9panouir et prendre sa place<\/title>\n<meta name=\"description\" content=\"Atelier en individuel qui combine neurosciences et aromath\u00e9rapie pour apprendre \u00e0 g\u00e9rer ses \u00e9motions avec les odeurs\" \/>\n<meta name=\"robots\" content=\"index, follow, max-snippet:-1, max-image-preview:large, max-video-preview:-1\" \/>\n<link rel=\"canonical\" href=\"https:\/\/coeurdesoignante.fr\/index.php\/revele-toi\/\" \/>\n<meta property=\"og:locale\" content=\"fr_FR\" \/>\n<meta property=\"og:type\" content=\"article\" \/>\n<meta property=\"og:title\" content=\"R\u00e9v\u00e8le toi, la m\u00e9thode neuro aroma - Coeur de soignante S&#039;\u00e9panouir et prendre sa place\" \/>\n<meta property=\"og:description\" content=\"Atelier en individuel qui combine neurosciences et aromath\u00e9rapie pour apprendre \u00e0 g\u00e9rer ses \u00e9motions avec les odeurs\" \/>\n<meta property=\"og:url\" content=\"https:\/\/coeurdesoignante.fr\/index.php\/revele-toi\/\" \/>\n<meta property=\"og:site_name\" content=\"Coeur de soignante\" \/>\n<meta property=\"article:modified_time\" content=\"2026-03-16T17:35:30+00:00\" \/>\n<meta property=\"og:image\" content=\"https:\/\/coeurdesoignante.fr\/wp-content\/uploads\/2025\/04\/pexels-photo-10543811.jpeg\" \/>\n\t<meta property=\"og:image:width\" content=\"1000\" \/>\n\t<meta property=\"og:image:height\" content=\"1500\" \/>\n\t<meta property=\"og:image:type\" content=\"image\/jpeg\" \/>\n<meta name=\"twitter:card\" content=\"summary_large_image\" \/>\n<meta name=\"twitter:label1\" content=\"Dur\u00e9e de lecture estim\u00e9e\" \/>\n\t<meta name=\"twitter:data1\" content=\"3 minutes\" \/>\n<script type=\"application\/ld+json\" class=\"yoast-schema-graph\">{\"@context\":\"https:\/\/schema.org\",\"@graph\":[{\"@type\":\"WebPage\",\"@id\":\"https:\/\/coeurdesoignante.fr\/index.php\/revele-toi\/\",\"url\":\"https:\/\/coeurdesoignante.fr\/index.php\/revele-toi\/\",\"name\":\"R\u00e9v\u00e8le toi, la m\u00e9thode neuro aroma - Coeur de soignante S'\u00e9panouir et prendre sa place\",\"isPartOf\":{\"@id\":\"https:\/\/coeurdesoignante.fr\/#website\"},\"primaryImageOfPage\":{\"@id\":\"https:\/\/coeurdesoignante.fr\/index.php\/revele-toi\/#primaryimage\"},\"image\":{\"@id\":\"https:\/\/coeurdesoignante.fr\/index.php\/revele-toi\/#primaryimage\"},\"thumbnailUrl\":\"https:\/\/coeurdesoignante.fr\/wp-content\/uploads\/2025\/04\/pexels-photo-10543811.jpeg\",\"datePublished\":\"2025-04-10T08:36:04+00:00\",\"dateModified\":\"2026-03-16T17:35:30+00:00\",\"description\":\"Atelier en individuel qui combine neurosciences et aromath\u00e9rapie pour apprendre \u00e0 g\u00e9rer ses \u00e9motions avec les odeurs\",\"breadcrumb\":{\"@id\":\"https:\/\/coeurdesoignante.fr\/index.php\/revele-toi\/#breadcrumb\"},\"inLanguage\":\"fr-FR\",\"potentialAction\":[{\"@type\":\"ReadAction\",\"target\":[\"https:\/\/coeurdesoignante.fr\/index.php\/revele-toi\/\"]}]},{\"@type\":\"ImageObject\",\"inLanguage\":\"fr-FR\",\"@id\":\"https:\/\/coeurdesoignante.fr\/index.php\/revele-toi\/#primaryimage\",\"url\":\"https:\/\/coeurdesoignante.fr\/wp-content\/uploads\/2025\/04\/pexels-photo-10543811.jpeg\",\"contentUrl\":\"https:\/\/coeurdesoignante.fr\/wp-content\/uploads\/2025\/04\/pexels-photo-10543811.jpeg\",\"width\":1000,\"height\":1500,\"caption\":\"Accompagnements\"},{\"@type\":\"BreadcrumbList\",\"@id\":\"https:\/\/coeurdesoignante.fr\/index.php\/revele-toi\/#breadcrumb\",\"itemListElement\":[{\"@type\":\"ListItem\",\"position\":1,\"name\":\"Accueil\",\"item\":\"https:\/\/coeurdesoignante.fr\/\"},{\"@type\":\"ListItem\",\"position\":2,\"name\":\"R\u00e9v\u00e8le toi, la m\u00e9thode neuro aroma\"}]},{\"@type\":\"WebSite\",\"@id\":\"https:\/\/coeurdesoignante.fr\/#website\",\"url\":\"https:\/\/coeurdesoignante.fr\/\",\"name\":\"Coeur de soignante\",\"description\":\"Mets KO ton stress\",\"potentialAction\":[{\"@type\":\"SearchAction\",\"target\":{\"@type\":\"EntryPoint\",\"urlTemplate\":\"https:\/\/coeurdesoignante.fr\/?s={search_term_string}\"},\"query-input\":{\"@type\":\"PropertyValueSpecification\",\"valueRequired\":true,\"valueName\":\"search_term_string\"}}],\"inLanguage\":\"fr-FR\"}]}<\/script>\n<!-- \/ Yoast SEO plugin. -->","yoast_head_json":{"title":"R\u00e9v\u00e8le toi, la m\u00e9thode neuro aroma - Coeur de soignante S'\u00e9panouir et prendre sa place","description":"Atelier en individuel qui combine neurosciences et aromath\u00e9rapie pour apprendre \u00e0 g\u00e9rer ses \u00e9motions avec les odeurs","robots":{"index":"index","follow":"follow","max-snippet":"max-snippet:-1","max-image-preview":"max-image-preview:large","max-video-preview":"max-video-preview:-1"},"canonical":"https:\/\/coeurdesoignante.fr\/index.php\/revele-toi\/","og_locale":"fr_FR","og_type":"article","og_title":"R\u00e9v\u00e8le toi, la m\u00e9thode neuro aroma - Coeur de soignante S'\u00e9panouir et prendre sa place","og_description":"Atelier en individuel qui combine neurosciences et aromath\u00e9rapie pour apprendre \u00e0 g\u00e9rer ses \u00e9motions avec les odeurs","og_url":"https:\/\/coeurdesoignante.fr\/index.php\/revele-toi\/","og_site_name":"Coeur de soignante","article_modified_time":"2026-03-16T17:35:30+00:00","og_image":[{"width":1000,"height":1500,"url":"https:\/\/coeurdesoignante.fr\/wp-content\/uploads\/2025\/04\/pexels-photo-10543811.jpeg","type":"image\/jpeg"}],"twitter_card":"summary_large_image","twitter_misc":{"Dur\u00e9e de lecture estim\u00e9e":"3 minutes"},"schema":{"@context":"https:\/\/schema.org","@graph":[{"@type":"WebPage","@id":"https:\/\/coeurdesoignante.fr\/index.php\/revele-toi\/","url":"https:\/\/coeurdesoignante.fr\/index.php\/revele-toi\/","name":"R\u00e9v\u00e8le toi, la m\u00e9thode neuro aroma - Coeur de soignante S'\u00e9panouir et prendre sa place","isPartOf":{"@id":"https:\/\/coeurdesoignante.fr\/#website"},"primaryImageOfPage":{"@id":"https:\/\/coeurdesoignante.fr\/index.php\/revele-toi\/#primaryimage"},"image":{"@id":"https:\/\/coeurdesoignante.fr\/index.php\/revele-toi\/#primaryimage"},"thumbnailUrl":"https:\/\/coeurdesoignante.fr\/wp-content\/uploads\/2025\/04\/pexels-photo-10543811.jpeg","datePublished":"2025-04-10T08:36:04+00:00","dateModified":"2026-03-16T17:35:30+00:00","description":"Atelier en individuel qui combine neurosciences et aromath\u00e9rapie pour apprendre \u00e0 g\u00e9rer ses \u00e9motions avec les odeurs","breadcrumb":{"@id":"https:\/\/coeurdesoignante.fr\/index.php\/revele-toi\/#breadcrumb"},"inLanguage":"fr-FR","potentialAction":[{"@type":"ReadAction","target":["https:\/\/coeurdesoignante.fr\/index.php\/revele-toi\/"]}]},{"@type":"ImageObject","inLanguage":"fr-FR","@id":"https:\/\/coeurdesoignante.fr\/index.php\/revele-toi\/#primaryimage","url":"https:\/\/coeurdesoignante.fr\/wp-content\/uploads\/2025\/04\/pexels-photo-10543811.jpeg","contentUrl":"https:\/\/coeurdesoignante.fr\/wp-content\/uploads\/2025\/04\/pexels-photo-10543811.jpeg","width":1000,"height":1500,"caption":"Accompagnements"},{"@type":"BreadcrumbList","@id":"https:\/\/coeurdesoignante.fr\/index.php\/revele-toi\/#breadcrumb","itemListElement":[{"@type":"ListItem","position":1,"name":"Accueil","item":"https:\/\/coeurdesoignante.fr\/"},{"@type":"ListItem","position":2,"name":"R\u00e9v\u00e8le toi, la m\u00e9thode neuro aroma"}]},{"@type":"WebSite","@id":"https:\/\/coeurdesoignante.fr\/#website","url":"https:\/\/coeurdesoignante.fr\/","name":"Coeur de soignante","description":"Mets KO ton stress","potentialAction":[{"@type":"SearchAction","target":{"@type":"EntryPoint","urlTemplate":"https:\/\/coeurdesoignante.fr\/?s={search_term_string}"},"query-input":{"@type":"PropertyValueSpecification","valueRequired":true,"valueName":"search_term_string"}}],"inLanguage":"fr-FR"}]}},"_links":{"self":[{"href":"https:\/\/coeurdesoignante.fr\/index.php\/wp-json\/wp\/v2\/pages\/17","targetHints":{"allow":["GET"]}}],"collection":[{"href":"https:\/\/coeurdesoignante.fr\/index.php\/wp-json\/wp\/v2\/pages"}],"about":[{"href":"https:\/\/coeurdesoignante.fr\/index.php\/wp-json\/wp\/v2\/types\/page"}],"author":[{"embeddable":true,"href":"https:\/\/coeurdesoignante.fr\/index.php\/wp-json\/wp\/v2\/users\/1"}],"replies":[{"embeddable":true,"href":"https:\/\/coeurdesoignante.fr\/index.php\/wp-json\/wp\/v2\/comments?post=17"}],"version-history":[{"count":27,"href":"https:\/\/coeurdesoignante.fr\/index.php\/wp-json\/wp\/v2\/pages\/17\/revisions"}],"predecessor-version":[{"id":572,"href":"https:\/\/coeurdesoignante.fr\/index.php\/wp-json\/wp\/v2\/pages\/17\/revisions\/572"}],"wp:featuredmedia":[{"embeddable":true,"href":"https:\/\/coeurdesoignante.fr\/index.php\/wp-json\/wp\/v2\/media\/100"}],"wp:attachment":[{"href":"https:\/\/coeurdesoignante.fr\/index.php\/wp-json\/wp\/v2\/media?parent=17"}],"curies":[{"name":"wp","href":"https:\/\/api.w.org\/{rel}","templated":true}]}}